{"id":81520,"date":"2025-04-27T13:57:48","date_gmt":"2025-04-27T13:57:48","guid":{"rendered":"https:\/\/metalxplore.com\/?page_id=81520"},"modified":"2025-06-19T09:29:03","modified_gmt":"2025-06-19T09:29:03","slug":"politique-de-confidentialite","status":"publish","type":"page","link":"https:\/\/metalxplore.com\/en\/politique-de-confidentialite\/","title":{"rendered":"Privacy Policy"},"content":{"rendered":"<p>[et_pb_section fb_built=\u00a0\u00bb1&Prime; custom_padding_last_edited=\u00a0\u00bbon|tablet\u00a0\u00bb _builder_version=\u00a0\u00bb4.27.4&Prime; _module_preset=\u00a0\u00bbdefault\u00a0\u00bb background_image=\u00a0\u00bbhttps:\/\/metalxplore.com\/wp-content\/uploads\/2025\/04\/construction-21-a-cew-5.webp\u00a0\u00bb overflow-x=\u00a0\u00bbhidden\u00a0\u00bb overflow-y=\u00a0\u00bbhidden\u00a0\u00bb custom_margin=\u00a0\u00bb0px||0px||false|false\u00a0\u00bb custom_padding=\u00a0\u00bb135px||135px||false|false\u00a0\u00bb custom_padding_tablet=\u00a0\u00bb50px||50px||true|false\u00a0\u00bb custom_padding_phone=\u00a0\u00bb50px||50px||true|false\u00a0\u00bb animation_style=\u00a0\u00bbfade\u00a0\u00bb animation_speed_curve=\u00a0\u00bbease\u00a0\u00bb hover_enabled=\u00a0\u00bb0&Prime; locked=\u00a0\u00bboff\u00a0\u00bb global_colors_info=\u00a0\u00bb{}\u00a0\u00bb sticky_enabled=\u00a0\u00bb0&Prime;][et_pb_row column_structure=\u00a0\u00bb2_3,1_3&Prime; use_custom_gutter=\u00a0\u00bbon\u00a0\u00bb module_class=\u00a0\u00bbconstruction-23-inlbtn-sc res-trans-on-1670&Prime; _builder_version=\u00a0\u00bb4.27.4&Prime; _module_preset=\u00a0\u00bbdefault\u00a0\u00bb width=\u00a0\u00bb90%\u00a0\u00bb custom_margin=\u00a0\u00bb0px||0px||false|false\u00a0\u00bb custom_padding=\u00a0\u00bb0px||0px||false|false\u00a0\u00bb global_colors_info=\u00a0\u00bb{}\u00a0\u00bb][et_pb_column type=\u00a0\u00bb2_3&Prime; _builder_version=\u00a0\u00bb4.27.4&Prime; _module_preset=\u00a0\u00bbdefault\u00a0\u00bb background_enable_color=\u00a0\u00bboff\u00a0\u00bb transform_scale_tablet=\u00a0\u00bb\u00a0\u00bb transform_scale_phone=\u00a0\u00bb\u00a0\u00bb transform_scale_last_edited=\u00a0\u00bbon|desktop\u00a0\u00bb transform_translate_tablet=\u00a0\u00bb0px|0px\u00a0\u00bb transform_translate_phone=\u00a0\u00bb0px|0px\u00a0\u00bb transform_translate_last_edited=\u00a0\u00bbon|tablet\u00a0\u00bb transform_rotate_tablet=\u00a0\u00bb\u00a0\u00bb transform_rotate_phone=\u00a0\u00bb\u00a0\u00bb transform_rotate_last_edited=\u00a0\u00bbon|desktop\u00a0\u00bb transform_skew_tablet=\u00a0\u00bb\u00a0\u00bb transform_skew_phone=\u00a0\u00bb\u00a0\u00bb transform_skew_last_edited=\u00a0\u00bbon|desktop\u00a0\u00bb transform_origin_tablet=\u00a0\u00bb\u00a0\u00bb transform_origin_phone=\u00a0\u00bb\u00a0\u00bb transform_origin_last_edited=\u00a0\u00bbon|desktop\u00a0\u00bb transform_styles_last_edited=\u00a0\u00bbon|tablet\u00a0\u00bb custom_padding_tablet=\u00a0\u00bb80px|80px|80px|80px|false|false\u00a0\u00bb custom_padding_phone=\u00a0\u00bb50px|30px|50px|30px|false|false\u00a0\u00bb custom_padding_last_edited=\u00a0\u00bbon|phone\u00a0\u00bb animation_style=\u00a0\u00bbslide\u00a0\u00bb animation_direction=\u00a0\u00bbbottom\u00a0\u00bb animation_delay=\u00a0\u00bb500ms\u00a0\u00bb animation_intensity_slide=\u00a0\u00bb4%\u00a0\u00bb animation_speed_curve=\u00a0\u00bbease\u00a0\u00bb transform_styles_tablet=\u00a0\u00bb\u00a0\u00bb transform_styles_phone=\u00a0\u00bb\u00a0\u00bb global_colors_info=\u00a0\u00bb{}\u00a0\u00bb][et_pb_text _builder_version=\u00a0\u00bb4.27.4&Prime; _module_preset=\u00a0\u00bbdefault\u00a0\u00bb header_font=\u00a0\u00bb||||||||\u00a0\u00bb header_text_align=\u00a0\u00bbleft\u00a0\u00bb header_text_color=\u00a0\u00bb#FFFFFF\u00a0\u00bb header_font_size=\u00a0\u00bb60px\u00a0\u00bb header_line_height=\u00a0\u00bb1.05em\u00a0\u00bb custom_margin=\u00a0\u00bb32px||25px||false|false\u00a0\u00bb custom_margin_tablet=\u00a0\u00bb0px||25px||false|false\u00a0\u00bb custom_margin_phone=\u00a0\u00bb0px||15px||false|false\u00a0\u00bb custom_margin_last_edited=\u00a0\u00bbon|phone\u00a0\u00bb custom_padding=\u00a0\u00bb0px||0px||false|false\u00a0\u00bb header_font_size_tablet=\u00a0\u00bb84px\u00a0\u00bb header_font_size_phone=\u00a0\u00bb40px\u00a0\u00bb header_font_size_last_edited=\u00a0\u00bbon|phone\u00a0\u00bb global_colors_info=\u00a0\u00bb{}\u00a0\u00bb]<\/p>\n<h1>Politique de confidentialit\u00e9<\/h1>\n<p>[\/et_pb_text][et_pb_text _builder_version=\u00a0\u00bb4.27.4&Prime; _module_preset=\u00a0\u00bbdefault\u00a0\u00bb text_font=\u00a0\u00bbDMSans||||||||\u00a0\u00bb text_text_color=\u00a0\u00bb#FFFFFF\u00a0\u00bb text_font_size=\u00a0\u00bb20px\u00a0\u00bb text_line_height=\u00a0\u00bb1.8em\u00a0\u00bb max_width_tablet=\u00a0\u00bb100%\u00a0\u00bb max_width_phone=\u00a0\u00bb100%\u00a0\u00bb max_width_last_edited=\u00a0\u00bbon|tablet\u00a0\u00bb custom_margin=\u00a0\u00bb0px||32px||false|false\u00a0\u00bb custom_margin_tablet=\u00a0\u00bb0px||32px||false|false\u00a0\u00bb custom_margin_phone=\u00a0\u00bb0px||0px||true|false\u00a0\u00bb custom_margin_last_edited=\u00a0\u00bbon|phone\u00a0\u00bb custom_padding=\u00a0\u00bb0px||0px||false|false\u00a0\u00bb global_colors_info=\u00a0\u00bb{}\u00a0\u00bb]<\/p>\n<p>Parce que votre confiance est essentielle, nous mettons tout en \u0153uvre pour prot\u00e9ger vos donn\u00e9es personnelles. Retrouvez ici toutes les informations concernant la collecte, l\u2019utilisation et la protection de vos donn\u00e9es sur notre site.<\/p>\n<p>[\/et_pb_text][\/et_pb_column][et_pb_column type=\u00a0\u00bb1_3&Prime; disabled_on=\u00a0\u00bbon|on|off\u00a0\u00bb _builder_version=\u00a0\u00bb4.25.0&Prime; _module_preset=\u00a0\u00bbdefault\u00a0\u00bb global_colors_info=\u00a0\u00bb{}\u00a0\u00bb][\/et_pb_column][\/et_pb_row][\/et_pb_section][et_pb_section fb_built=\u00a0\u00bb1&Prime; _builder_version=\u00a0\u00bb4.27.4&Prime; _module_preset=\u00a0\u00bbdefault\u00a0\u00bb background_color=\u00a0\u00bb#1C242A\u00a0\u00bb global_colors_info=\u00a0\u00bb{}\u00a0\u00bb][et_pb_row column_structure=\u00a0\u00bb1_2,1_2&Prime; use_custom_gutter=\u00a0\u00bbon\u00a0\u00bb custom_padding_last_edited=\u00a0\u00bbon|phone\u00a0\u00bb _builder_version=\u00a0\u00bb4.27.4&Prime; _module_preset=\u00a0\u00bbdefault\u00a0\u00bb width=\u00a0\u00bb90%\u00a0\u00bb width_tablet=\u00a0\u00bb80%\u00a0\u00bb width_phone=\u00a0\u00bb80%\u00a0\u00bb width_last_edited=\u00a0\u00bbon|phone\u00a0\u00bb custom_padding=\u00a0\u00bb||||true\u00a0\u00bb custom_padding_tablet=\u00a0\u00bb||||true\u00a0\u00bb custom_padding_phone=\u00a0\u00bb0px||0px||true|false\u00a0\u00bb global_colors_info=\u00a0\u00bb{}\u00a0\u00bb][et_pb_column type=\u00a0\u00bb1_2&Prime; _builder_version=\u00a0\u00bb4.27.4&Prime; _module_preset=\u00a0\u00bbdefault\u00a0\u00bb global_colors_info=\u00a0\u00bb{}\u00a0\u00bb][et_pb_text _builder_version=\u00a0\u00bb4.27.4&Prime; _module_preset=\u00a0\u00bbdefault\u00a0\u00bb text_text_color=\u00a0\u00bb#FFFFFF\u00a0\u00bb link_text_color=\u00a0\u00bb#368BEC\u00a0\u00bb header_2_text_color=\u00a0\u00bb#FFFFFF\u00a0\u00bb hover_enabled=\u00a0\u00bb0&Prime; global_colors_info=\u00a0\u00bb{}\u00a0\u00bb sticky_enabled=\u00a0\u00bb0&Prime;]<\/p>\n<h2 class=\"textLayer\">Introduction<\/h2>\n<div class=\"textLayer\">Dans le cadre de son activit\u00e9, notre site <a href=\"https:\/\/metalxplore.com\">https:\/\/metalxplore.com<\/a> (ci-apr\u00e8s \u00ab\u00a0le Site\u00a0\u00bb) collecte et traite certaines donn\u00e9es personnelles des utilisateurs.<br data-start=\"538\" data-end=\"541\" \/>Le respect de votre vie priv\u00e9e est une priorit\u00e9 pour nous. Cette Politique de Confidentialit\u00e9 a pour but de vous informer sur les donn\u00e9es collect\u00e9es, leur utilisation et vos droits.<\/div>\n<p>[\/et_pb_text][et_pb_text _builder_version=\u00a0\u00bb4.27.4&Prime; _module_preset=\u00a0\u00bbdefault\u00a0\u00bb text_text_color=\u00a0\u00bb#FFFFFF\u00a0\u00bb link_text_color=\u00a0\u00bb#368BEC\u00a0\u00bb header_2_text_color=\u00a0\u00bb#FFFFFF\u00a0\u00bb header_3_text_color=\u00a0\u00bb#657078&Prime; header_3_font_size=\u00a0\u00bb20px\u00a0\u00bb global_colors_info=\u00a0\u00bb{}\u00a0\u00bb]<\/p>\n<h2 data-start=\"729\" data-end=\"753\" class=\"\">Donn\u00e9es collect\u00e9es<\/h2>\n<h3 data-start=\"755\" data-end=\"783\" class=\"\">Formulaires de contact<\/h3>\n<p data-start=\"784\" data-end=\"905\" class=\"\">Lorsque vous remplissez l&rsquo;un de nos formulaires (demande de devis, contact), nous collectons les informations suivantes :<\/p>\n<ul data-start=\"906\" data-end=\"996\">\n<li data-start=\"906\" data-end=\"917\" class=\"\">\n<p data-start=\"908\" data-end=\"917\" class=\"\">Votre nom<\/p>\n<\/li>\n<li data-start=\"918\" data-end=\"940\" class=\"\">\n<p data-start=\"920\" data-end=\"940\" class=\"\">Votre adresse e-mail<\/p>\n<\/li>\n<li data-start=\"941\" data-end=\"980\" class=\"\">\n<p data-start=\"943\" data-end=\"980\" class=\"\">Votre num\u00e9ro de t\u00e9l\u00e9phone<\/p>\n<\/li>\n<li data-start=\"981\" data-end=\"996\" class=\"\">\n<p data-start=\"983\" data-end=\"996\" class=\"\">Votre soci\u00e9t\u00e9<\/p>\n<\/li>\n<li data-start=\"981\" data-end=\"996\" class=\"\">Votre message<\/li>\n<\/ul>\n<p data-start=\"998\" data-end=\"1068\" class=\"\">Ces donn\u00e9es sont strictement n\u00e9cessaires pour r\u00e9pondre \u00e0 vos demandes.<\/p>\n<h3 data-start=\"1070\" data-end=\"1083\" class=\"\">Cookies<\/h3>\n<p data-start=\"1084\" data-end=\"1118\" class=\"\">Le Site utilise des cookies pour :<\/p>\n<ul data-start=\"1119\" data-end=\"1208\">\n<li data-start=\"1119\" data-end=\"1159\" class=\"\">\n<p data-start=\"1121\" data-end=\"1159\" class=\"\">Am\u00e9liorer votre exp\u00e9rience utilisateur<\/p>\n<\/li>\n<li data-start=\"1160\" data-end=\"1208\" class=\"\">\n<p data-start=\"1162\" data-end=\"1208\" class=\"\">Mesurer l\u2019audience et les performances du site<\/p>\n<\/li>\n<\/ul>\n<p data-start=\"1210\" data-end=\"1337\" class=\"\">Vous avez la possibilit\u00e9 d&rsquo;accepter ou de refuser les cookies via la banni\u00e8re pr\u00e9vue \u00e0 cet effet lors de votre premi\u00e8re visite.<\/p>\n<p>[\/et_pb_text][et_pb_text _builder_version=\u00a0\u00bb4.27.4&Prime; _module_preset=\u00a0\u00bbdefault\u00a0\u00bb text_text_color=\u00a0\u00bb#FFFFFF\u00a0\u00bb link_text_color=\u00a0\u00bb#368BEC\u00a0\u00bb header_2_text_color=\u00a0\u00bb#FFFFFF\u00a0\u00bb global_colors_info=\u00a0\u00bb{}\u00a0\u00bb]<\/p>\n<h2 data-start=\"1344\" data-end=\"1373\" class=\"\">Utilisation des donn\u00e9es<\/h2>\n<p data-start=\"1374\" data-end=\"1454\" class=\"\">Les informations collect\u00e9es via les formulaires sont utilis\u00e9es uniquement pour :<\/p>\n<ul data-start=\"1455\" data-end=\"1560\">\n<li data-start=\"1455\" data-end=\"1498\" class=\"\">\n<p data-start=\"1457\" data-end=\"1498\" class=\"\">Vous contacter en r\u00e9ponse \u00e0 votre demande<\/p>\n<\/li>\n<li data-start=\"1499\" data-end=\"1560\" class=\"\">\n<p data-start=\"1501\" data-end=\"1560\" class=\"\">Vous envoyer des informations compl\u00e9mentaires si n\u00e9cessaire<\/p>\n<\/li>\n<\/ul>\n<p data-start=\"1562\" data-end=\"1636\" class=\"\">Nous ne partageons pas vos donn\u00e9es avec des tiers sans votre consentement.<\/p>\n<div class=\"textLayer\"><\/div>\n<p>[\/et_pb_text][\/et_pb_column][et_pb_column type=\u00a0\u00bb1_2&Prime; _builder_version=\u00a0\u00bb4.27.4&Prime; _module_preset=\u00a0\u00bbdefault\u00a0\u00bb global_colors_info=\u00a0\u00bb{}\u00a0\u00bb][et_pb_text _builder_version=\u00a0\u00bb4.27.4&Prime; _module_preset=\u00a0\u00bbdefault\u00a0\u00bb text_text_color=\u00a0\u00bb#FFFFFF\u00a0\u00bb link_text_color=\u00a0\u00bb#368BEC\u00a0\u00bb header_2_text_color=\u00a0\u00bb#FFFFFF\u00a0\u00bb global_colors_info=\u00a0\u00bb{}\u00a0\u00bb]<\/p>\n<h2 data-start=\"1643\" data-end=\"1673\" class=\"\">Conservation des donn\u00e9es<\/h2>\n<p data-start=\"1674\" data-end=\"1844\" class=\"\">Vos donn\u00e9es personnelles sont conserv\u00e9es pour une dur\u00e9e maximale de <strong data-start=\"1742\" data-end=\"1753\">12 mois<\/strong> apr\u00e8s notre dernier \u00e9change, sauf obligation l\u00e9gale imposant une conservation plus longue.<\/p>\n<div class=\"textLayer\"><\/div>\n<div class=\"textLayer\"><\/div>\n<p>[\/et_pb_text][et_pb_text _builder_version=\u00a0\u00bb4.27.4&Prime; _module_preset=\u00a0\u00bbdefault\u00a0\u00bb text_text_color=\u00a0\u00bb#FFFFFF\u00a0\u00bb link_text_color=\u00a0\u00bb#368BEC\u00a0\u00bb header_2_text_color=\u00a0\u00bb#FFFFFF\u00a0\u00bb global_colors_info=\u00a0\u00bb{}\u00a0\u00bb]<\/p>\n<h2 data-start=\"1851\" data-end=\"1877\" class=\"\">S\u00e9curit\u00e9 des donn\u00e9es<\/h2>\n<p data-start=\"1878\" data-end=\"2085\" class=\"\">Nous mettons en place toutes les mesures techniques et organisationnelles appropri\u00e9es pour garantir la s\u00e9curit\u00e9 de vos donn\u00e9es personnelles et emp\u00eacher leur perte, leur alt\u00e9ration ou leur acc\u00e8s non autoris\u00e9.<\/p>\n<div class=\"textLayer\"><\/div>\n<div class=\"textLayer\"><\/div>\n<div class=\"textLayer\"><\/div>\n<p>[\/et_pb_text][et_pb_text _builder_version=\u00a0\u00bb4.27.4&Prime; _module_preset=\u00a0\u00bbdefault\u00a0\u00bb text_text_color=\u00a0\u00bb#FFFFFF\u00a0\u00bb link_text_color=\u00a0\u00bb#368BEC\u00a0\u00bb header_2_text_color=\u00a0\u00bb#FFFFFF\u00a0\u00bb hover_enabled=\u00a0\u00bb0&Prime; global_colors_info=\u00a0\u00bb{}\u00a0\u00bb sticky_enabled=\u00a0\u00bb0&Prime;]<\/p>\n<h2 data-start=\"2092\" data-end=\"2108\" class=\"\">Vos droits<\/h2>\n<p data-start=\"2109\" data-end=\"2243\" class=\"\">Conform\u00e9ment \u00e0 la l\u00e9gislation en vigueur (RGPD &#8211; R\u00e8glement G\u00e9n\u00e9ral sur la Protection des Donn\u00e9es), vous disposez des droits suivants :<\/p>\n<ul data-start=\"2244\" data-end=\"2373\">\n<li data-start=\"2244\" data-end=\"2273\" class=\"\">\n<p data-start=\"2246\" data-end=\"2273\" class=\"\">Droit d&rsquo;acc\u00e8s \u00e0 vos donn\u00e9es<\/p>\n<\/li>\n<li data-start=\"2274\" data-end=\"2298\" class=\"\">\n<p data-start=\"2276\" data-end=\"2298\" class=\"\">Droit de rectification<\/p>\n<\/li>\n<li data-start=\"2299\" data-end=\"2321\" class=\"\">\n<p data-start=\"2301\" data-end=\"2321\" class=\"\">Droit de suppression<\/p>\n<\/li>\n<li data-start=\"2322\" data-end=\"2373\" class=\"\">\n<p data-start=\"2324\" data-end=\"2373\" class=\"\">Droit d&rsquo;opposition ou de limitation du traitement<\/p>\n<\/li>\n<\/ul>\n<p data-start=\"2375\" data-end=\"2499\" class=\"\">Pour exercer vos droits, il vous suffit de nous contacter par e-mail \u00e0 l\u2019adresse suivante : <a href=\"mailto:contact@metalxplore.com\">contact@metalxplore.com<\/a> .<\/p>\n<div class=\"textLayer\"><\/div>\n<div class=\"textLayer\"><\/div>\n<div class=\"textLayer\"><\/div>\n<p>[\/et_pb_text][et_pb_text _builder_version=\u00a0\u00bb4.27.4&Prime; _module_preset=\u00a0\u00bbdefault\u00a0\u00bb text_text_color=\u00a0\u00bb#FFFFFF\u00a0\u00bb link_text_color=\u00a0\u00bb#368BEC\u00a0\u00bb header_2_text_color=\u00a0\u00bb#FFFFFF\u00a0\u00bb global_colors_info=\u00a0\u00bb{}\u00a0\u00bb]<\/p>\n<h2 data-start=\"2506\" data-end=\"2537\" class=\"\">Responsable du traitement<\/h2>\n<p data-start=\"2538\" data-end=\"2621\" class=\"\">Metalxplore \/ Eid Baaklini<br data-start=\"2578\" data-end=\"2581\" \/>3 Rue Jules Guesde, 91130 Ris-Orangis<br data-start=\"2599\" data-end=\"2602\" \/>contact@metalxplore.com<\/p>\n<div class=\"textLayer\"><\/div>\n<div class=\"textLayer\"><\/div>\n<div class=\"textLayer\"><\/div>\n<p>[\/et_pb_text][et_pb_text _builder_version=\u00a0\u00bb4.27.4&Prime; _module_preset=\u00a0\u00bbdefault\u00a0\u00bb text_text_color=\u00a0\u00bb#FFFFFF\u00a0\u00bb link_text_color=\u00a0\u00bb#368BEC\u00a0\u00bb header_2_text_color=\u00a0\u00bb#FFFFFF\u00a0\u00bb global_colors_info=\u00a0\u00bb{}\u00a0\u00bb]<\/p>\n<h2 data-start=\"2628\" data-end=\"2647\" class=\"\">Modifications<\/h2>\n<p data-start=\"2648\" data-end=\"2806\" class=\"\">Nous nous r\u00e9servons le droit de modifier cette Politique de Confidentialit\u00e9 \u00e0 tout moment. Les modifications prendront effet d\u00e8s leur publication sur le Site.<\/p>\n<div class=\"textLayer\"><\/div>\n<div class=\"textLayer\"><\/div>\n<div class=\"textLayer\"><\/div>\n<p>[\/et_pb_text][\/et_pb_column][\/et_pb_row][\/et_pb_section]<\/p>\n","protected":false},"excerpt":{"rendered":"<p>Politique de confidentialit\u00e9Parce que votre confiance est essentielle, nous mettons tout en \u0153uvre pour prot\u00e9ger vos donn\u00e9es personnelles. Retrouvez ici toutes les informations concernant la collecte, l\u2019utilisation et la protection de vos donn\u00e9es sur notre site.Introduction Dans le cadre de son activit\u00e9, notre site https:\/\/metalxplore.com (ci-apr\u00e8s \u00ab\u00a0le Site\u00a0\u00bb) collecte et traite certaines donn\u00e9es personnelles des [&hellip;]<\/p>\n","protected":false},"author":1,"featured_media":0,"parent":0,"menu_order":0,"comment_status":"closed","ping_status":"closed","template":"","meta":{"_et_pb_use_builder":"on","_et_pb_old_content":"<!-- wp:divi\/placeholder \/-->","_et_gb_content_width":"","footnotes":""},"class_list":["post-81520","page","type-page","status-publish","hentry"],"yoast_head":"<!-- This site is optimized with the Yoast SEO plugin v27.4 - https:\/\/yoast.com\/product\/yoast-seo-wordpress\/ -->\n<title>Politique de confidentialit\u00e9 - MetalXplore<\/title>\n<meta name=\"robots\" content=\"noindex, follow\" \/>\n<meta property=\"og:locale\" content=\"en_GB\" \/>\n<meta property=\"og:type\" content=\"article\" \/>\n<meta property=\"og:title\" content=\"Politique de confidentialit\u00e9 - MetalXplore\" \/>\n<meta property=\"og:description\" content=\"Politique de confidentialit\u00e9Parce que votre confiance est essentielle, nous mettons tout en \u0153uvre pour prot\u00e9ger vos donn\u00e9es personnelles. Retrouvez ici toutes les informations concernant la collecte, l\u2019utilisation et la protection de vos donn\u00e9es sur notre site.Introduction Dans le cadre de son activit\u00e9, notre site https:\/\/metalxplore.com (ci-apr\u00e8s &quot;le Site&quot;) collecte et traite certaines donn\u00e9es personnelles des [&hellip;]\" \/>\n<meta property=\"og:url\" content=\"https:\/\/metalxplore.com\/en\/politique-de-confidentialite\/\" \/>\n<meta property=\"og:site_name\" content=\"MetalXplore\" \/>\n<meta property=\"article:modified_time\" content=\"2025-06-19T09:29:03+00:00\" \/>\n<meta name=\"twitter:card\" content=\"summary_large_image\" \/>\n<meta name=\"twitter:label1\" content=\"Estimated reading time\" \/>\n\t<meta name=\"twitter:data1\" content=\"2 minutes\" \/>\n<script type=\"application\/ld+json\" class=\"yoast-schema-graph\">{\"@context\":\"https:\\\/\\\/schema.org\",\"@graph\":[{\"@type\":\"WebPage\",\"@id\":\"https:\\\/\\\/metalxplore.com\\\/politique-de-confidentialite\\\/\",\"url\":\"https:\\\/\\\/metalxplore.com\\\/politique-de-confidentialite\\\/\",\"name\":\"Politique de confidentialit\u00e9 - MetalXplore\",\"isPartOf\":{\"@id\":\"https:\\\/\\\/metalxplore.com\\\/#website\"},\"datePublished\":\"2025-04-27T13:57:48+00:00\",\"dateModified\":\"2025-06-19T09:29:03+00:00\",\"breadcrumb\":{\"@id\":\"https:\\\/\\\/metalxplore.com\\\/politique-de-confidentialite\\\/#breadcrumb\"},\"inLanguage\":\"en-GB\",\"potentialAction\":[{\"@type\":\"ReadAction\",\"target\":[\"https:\\\/\\\/metalxplore.com\\\/politique-de-confidentialite\\\/\"]}]},{\"@type\":\"BreadcrumbList\",\"@id\":\"https:\\\/\\\/metalxplore.com\\\/politique-de-confidentialite\\\/#breadcrumb\",\"itemListElement\":[{\"@type\":\"ListItem\",\"position\":1,\"name\":\"Home\",\"item\":\"https:\\\/\\\/metalxplore.com\\\/\"},{\"@type\":\"ListItem\",\"position\":2,\"name\":\"Politique de confidentialit\u00e9\"}]},{\"@type\":\"WebSite\",\"@id\":\"https:\\\/\\\/metalxplore.com\\\/#website\",\"url\":\"https:\\\/\\\/metalxplore.com\\\/\",\"name\":\"MetalXplore\",\"description\":\"\",\"publisher\":{\"@id\":\"https:\\\/\\\/metalxplore.com\\\/#organization\"},\"potentialAction\":[{\"@type\":\"SearchAction\",\"target\":{\"@type\":\"EntryPoint\",\"urlTemplate\":\"https:\\\/\\\/metalxplore.com\\\/?s={search_term_string}\"},\"query-input\":{\"@type\":\"PropertyValueSpecification\",\"valueRequired\":true,\"valueName\":\"search_term_string\"}}],\"inLanguage\":\"en-GB\"},{\"@type\":\"Organization\",\"@id\":\"https:\\\/\\\/metalxplore.com\\\/#organization\",\"name\":\"MetalXplore\",\"url\":\"https:\\\/\\\/metalxplore.com\\\/\",\"logo\":{\"@type\":\"ImageObject\",\"inLanguage\":\"en-GB\",\"@id\":\"https:\\\/\\\/metalxplore.com\\\/#\\\/schema\\\/logo\\\/image\\\/\",\"url\":\"https:\\\/\\\/metalxplore.com\\\/wp-content\\\/uploads\\\/2025\\\/04\\\/metalxplore-blanc.png\",\"contentUrl\":\"https:\\\/\\\/metalxplore.com\\\/wp-content\\\/uploads\\\/2025\\\/04\\\/metalxplore-blanc.png\",\"width\":839,\"height\":192,\"caption\":\"MetalXplore\"},\"image\":{\"@id\":\"https:\\\/\\\/metalxplore.com\\\/#\\\/schema\\\/logo\\\/image\\\/\"}}]}<\/script>\n<!-- \/ Yoast SEO plugin. -->","yoast_head_json":{"title":"Politique de confidentialit\u00e9 - MetalXplore","robots":{"index":"noindex","follow":"follow"},"og_locale":"en_GB","og_type":"article","og_title":"Politique de confidentialit\u00e9 - MetalXplore","og_description":"Politique de confidentialit\u00e9Parce que votre confiance est essentielle, nous mettons tout en \u0153uvre pour prot\u00e9ger vos donn\u00e9es personnelles. Retrouvez ici toutes les informations concernant la collecte, l\u2019utilisation et la protection de vos donn\u00e9es sur notre site.Introduction Dans le cadre de son activit\u00e9, notre site https:\/\/metalxplore.com (ci-apr\u00e8s \"le Site\") collecte et traite certaines donn\u00e9es personnelles des [&hellip;]","og_url":"https:\/\/metalxplore.com\/en\/politique-de-confidentialite\/","og_site_name":"MetalXplore","article_modified_time":"2025-06-19T09:29:03+00:00","twitter_card":"summary_large_image","twitter_misc":{"Estimated reading time":"2 minutes"},"schema":{"@context":"https:\/\/schema.org","@graph":[{"@type":"WebPage","@id":"https:\/\/metalxplore.com\/politique-de-confidentialite\/","url":"https:\/\/metalxplore.com\/politique-de-confidentialite\/","name":"Politique de confidentialit\u00e9 - MetalXplore","isPartOf":{"@id":"https:\/\/metalxplore.com\/#website"},"datePublished":"2025-04-27T13:57:48+00:00","dateModified":"2025-06-19T09:29:03+00:00","breadcrumb":{"@id":"https:\/\/metalxplore.com\/politique-de-confidentialite\/#breadcrumb"},"inLanguage":"en-GB","potentialAction":[{"@type":"ReadAction","target":["https:\/\/metalxplore.com\/politique-de-confidentialite\/"]}]},{"@type":"BreadcrumbList","@id":"https:\/\/metalxplore.com\/politique-de-confidentialite\/#breadcrumb","itemListElement":[{"@type":"ListItem","position":1,"name":"Home","item":"https:\/\/metalxplore.com\/"},{"@type":"ListItem","position":2,"name":"Politique de confidentialit\u00e9"}]},{"@type":"WebSite","@id":"https:\/\/metalxplore.com\/#website","url":"https:\/\/metalxplore.com\/","name":"MetalXplore","description":"","publisher":{"@id":"https:\/\/metalxplore.com\/#organization"},"potentialAction":[{"@type":"SearchAction","target":{"@type":"EntryPoint","urlTemplate":"https:\/\/metalxplore.com\/?s={search_term_string}"},"query-input":{"@type":"PropertyValueSpecification","valueRequired":true,"valueName":"search_term_string"}}],"inLanguage":"en-GB"},{"@type":"Organization","@id":"https:\/\/metalxplore.com\/#organization","name":"MetalXplore","url":"https:\/\/metalxplore.com\/","logo":{"@type":"ImageObject","inLanguage":"en-GB","@id":"https:\/\/metalxplore.com\/#\/schema\/logo\/image\/","url":"https:\/\/metalxplore.com\/wp-content\/uploads\/2025\/04\/metalxplore-blanc.png","contentUrl":"https:\/\/metalxplore.com\/wp-content\/uploads\/2025\/04\/metalxplore-blanc.png","width":839,"height":192,"caption":"MetalXplore"},"image":{"@id":"https:\/\/metalxplore.com\/#\/schema\/logo\/image\/"}}]}},"_links":{"self":[{"href":"https:\/\/metalxplore.com\/en\/wp-json\/wp\/v2\/pages\/81520","targetHints":{"allow":["GET"]}}],"collection":[{"href":"https:\/\/metalxplore.com\/en\/wp-json\/wp\/v2\/pages"}],"about":[{"href":"https:\/\/metalxplore.com\/en\/wp-json\/wp\/v2\/types\/page"}],"author":[{"embeddable":true,"href":"https:\/\/metalxplore.com\/en\/wp-json\/wp\/v2\/users\/1"}],"replies":[{"embeddable":true,"href":"https:\/\/metalxplore.com\/en\/wp-json\/wp\/v2\/comments?post=81520"}],"version-history":[{"count":9,"href":"https:\/\/metalxplore.com\/en\/wp-json\/wp\/v2\/pages\/81520\/revisions"}],"predecessor-version":[{"id":82277,"href":"https:\/\/metalxplore.com\/en\/wp-json\/wp\/v2\/pages\/81520\/revisions\/82277"}],"wp:attachment":[{"href":"https:\/\/metalxplore.com\/en\/wp-json\/wp\/v2\/media?parent=81520"}],"curies":[{"name":"wp","href":"https:\/\/api.w.org\/{rel}","templated":true}]}}